{"id":36,"date":"2015-12-10T16:31:37","date_gmt":"2015-12-10T16:31:37","guid":{"rendered":"https:\/\/themesgavias.com\/wp\/kunco\/?page_id=36"},"modified":"2019-03-25T20:42:26","modified_gmt":"2019-03-25T19:42:26","slug":"home-2","status":"publish","type":"page","link":"https:\/\/www.badkoenig-stiftung.de\/","title":{"rendered":"Home"},"content":{"rendered":"<p>[vc_row fullwidth=&#8220;0&#8243; row_space=&#8220;remove_padding&#8220; isfullwidth=&#8220;0&#8243;][vc_column]<link href=\"https:\/\/fonts.googleapis.com\/css?family=Poppins:600%2C400\" rel=\"stylesheet\" property=\"stylesheet\" type=\"text\/css\" media=\"all\">\n<div id=\"rev_slider_1_1_wrapper\" class=\"rev_slider_wrapper fullwidthbanner-container\" data-source=\"gallery\" style=\"margin:0px auto;background:transparent;padding:0px;margin-top:0px;margin-bottom:0px;\">\n<!-- START REVOLUTION SLIDER 5.4.8 auto mode -->\n\t<div id=\"rev_slider_1_1\" class=\"rev_slider fullwidthabanner\" style=\"display:none;\" data-version=\"5.4.8\">\n<ul>\t<!-- SLIDE  -->\n\t<li data-index=\"rs-1\" data-transition=\"fade\" data-slotamount=\"default\" data-hideafterloop=\"0\" data-hideslideonmobile=\"off\"  data-easein=\"default\" data-easeout=\"default\" data-masterspeed=\"300\"  data-thumb=\"https:\/\/www.badkoenig-stiftung.de\/wp-content\/uploads\/2015\/12\/Stiftung-Slider-Schloss-e1546074269405-100x50.jpg\"  data-delay=\"9000\"  data-rotate=\"0\"  data-saveperformance=\"off\"  data-title=\"Slide\" data-param1=\"\" data-param2=\"\" data-param3=\"\" data-param4=\"\" data-param5=\"\" data-param6=\"\" data-param7=\"\" data-param8=\"\" data-param9=\"\" data-param10=\"\" data-description=\"\">\n\t\t<!-- MAIN IMAGE -->\n\t\t<img src=\"https:\/\/www.badkoenig-stiftung.de\/wp-content\/uploads\/2015\/12\/Stiftung-Slider-Schloss-e1546074269405.jpg\"  alt=\"Bad K\u00f6nig Stiftung Schloss\" title=\"Stiftung Slider Schloss\"  width=\"1920\" height=\"1280\" data-bgposition=\"center center\" data-kenburns=\"on\" data-duration=\"10000\" data-ease=\"Linear.easeNone\" data-scalestart=\"100\" data-scaleend=\"109\" data-rotatestart=\"0\" data-rotateend=\"0\" data-blurstart=\"0\" data-blurend=\"0\" data-offsetstart=\"0 0\" data-offsetend=\"0 0\" class=\"rev-slidebg\" data-no-retina>\n\t\t<!-- LAYERS -->\n\n\t\t<!-- LAYER NR. 1 -->\n\t\t<div class=\"tp-caption   tp-resizeme\" \n\t\t\t id=\"slide-1-layer-3\" \n\t\t\t data-x=\"['left','left','left','center']\" data-hoffset=\"['11','11','10','0']\" \n\t\t\t data-y=\"['top','top','middle','middle']\" data-voffset=\"['268','268','-63','-71']\" \n\t\t\t\t\t\tdata-fontsize=\"['68','68','46','40']\"\n\t\t\tdata-lineheight=\"['74','74','56','48']\"\n\t\t\tdata-width=\"none\"\n\t\t\tdata-height=\"none\"\n\t\t\tdata-whitespace=\"nowrap\"\n \n\t\t\tdata-type=\"text\" \n\t\t\tdata-responsive_offset=\"on\" \n\n\t\t\tdata-frames='[{\"delay\":260,\"speed\":380,\"frame\":\"0\",\"from\":\"y:50px;opacity:0;\",\"to\":\"o:1;\",\"ease\":\"Power2.easeInOut\"},{\"delay\":\"wait\",\"speed\":300,\"frame\":\"999\",\"to\":\"y:-50px;opacity:0;\",\"ease\":\"nothing\"}]'\n\t\t\tdata-textAlign=\"['left','left','left','center']\"\n\t\t\tdata-paddingtop=\"[0,0,0,0]\"\n\t\t\tdata-paddingright=\"[0,0,0,0]\"\n\t\t\tdata-paddingbottom=\"[0,0,0,0]\"\n\t\t\tdata-paddingleft=\"[0,0,0,0]\"\n\n\t\t\tstyle=\"z-index: 5; white-space: nowrap; font-size: 68px; line-height: 74px; font-weight: 600; color: rgba(255,255,255,1); letter-spacing: 0px;font-family:Poppins;\">Kleiner Aufwand <br> Gro\u00dfe Wirkung. <\/div>\n\n\t\t<!-- LAYER NR. 2 -->\n\t\t<div class=\"tp-caption   tp-resizeme  white-space-normal\" \n\t\t\t id=\"slide-1-layer-4\" \n\t\t\t data-x=\"['left','left','left','center']\" data-hoffset=\"['9','9','10','0']\" \n\t\t\t data-y=\"['top','top','middle','middle']\" data-voffset=\"['434','434','32','15']\" \n\t\t\t\t\t\tdata-fontsize=\"['20','20','18','18']\"\n\t\t\tdata-lineheight=\"['36','36','30','28']\"\n\t\t\tdata-width=\"['501','501','501','96%']\"\n\t\t\tdata-height=\"none\"\n\t\t\tdata-whitespace=\"normal\"\n \n\t\t\tdata-type=\"text\" \n\t\t\tdata-responsive_offset=\"on\" \n\n\t\t\tdata-frames='[{\"delay\":910,\"speed\":420,\"frame\":\"0\",\"from\":\"y:50px;opacity:0;\",\"to\":\"o:1;\",\"ease\":\"Power2.easeInOut\"},{\"delay\":\"wait\",\"speed\":300,\"frame\":\"999\",\"to\":\"y:-50px;opacity:0;\",\"ease\":\"nothing\"}]'\n\t\t\tdata-textAlign=\"['left','left','left','center']\"\n\t\t\tdata-paddingtop=\"[0,0,0,0]\"\n\t\t\tdata-paddingright=\"[0,0,0,0]\"\n\t\t\tdata-paddingbottom=\"[0,0,0,0]\"\n\t\t\tdata-paddingleft=\"[0,0,0,0]\"\n\n\t\t\tstyle=\"z-index: 6; min-width: 501px; max-width: 501px; white-space: normal; font-size: 20px; line-height: 36px; font-weight: 400; color: rgba(255,255,255,1); letter-spacing: 0px;font-family:Poppins;\">mit kleinen Spenden von vielen Menschen k\u00f6nnen wir gro\u00dfes bewirken.  <\/div>\n\t<\/li>\n\t<!-- SLIDE  -->\n\t<li data-index=\"rs-14\" data-transition=\"fade\" data-slotamount=\"default\" data-hideafterloop=\"0\" data-hideslideonmobile=\"off\"  data-easein=\"default\" data-easeout=\"default\" data-masterspeed=\"300\"  data-thumb=\"https:\/\/www.badkoenig-stiftung.de\/wp-content\/uploads\/2015\/12\/Stiftung-Slider-Bad-K\u00f6nig-100x50.jpg\"  data-rotate=\"0\"  data-saveperformance=\"off\"  data-title=\"Slide\" data-param1=\"\" data-param2=\"\" data-param3=\"\" data-param4=\"\" data-param5=\"\" data-param6=\"\" data-param7=\"\" data-param8=\"\" data-param9=\"\" data-param10=\"\" data-description=\"\">\n\t\t<!-- MAIN IMAGE -->\n\t\t<img src=\"https:\/\/www.badkoenig-stiftung.de\/wp-content\/uploads\/2015\/12\/Stiftung-Slider-Bad-K\u00f6nig.jpg\"  alt=\"Bad K\u00f6nig Stiftung\" title=\"Stiftung Slider Bad K\u00f6nig\"  width=\"1920\" height=\"1280\" data-bgposition=\"center center\" data-kenburns=\"on\" data-duration=\"10000\" data-ease=\"Linear.easeNone\" data-scalestart=\"100\" data-scaleend=\"109\" data-rotatestart=\"0\" data-rotateend=\"0\" data-blurstart=\"0\" data-blurend=\"0\" data-offsetstart=\"0 0\" data-offsetend=\"0 0\" class=\"rev-slidebg\" data-no-retina>\n\t\t<!-- LAYERS -->\n\n\t\t<!-- LAYER NR. 3 -->\n\t\t<div class=\"tp-caption   tp-resizeme\" \n\t\t\t id=\"slide-14-layer-3\" \n\t\t\t data-x=\"['left','left','left','center']\" data-hoffset=\"['12','12','10','0']\" \n\t\t\t data-y=\"['top','top','middle','middle']\" data-voffset=\"['268','268','-63','-71']\" \n\t\t\t\t\t\tdata-fontsize=\"['68','68','46','40']\"\n\t\t\tdata-lineheight=\"['74','74','56','48']\"\n\t\t\tdata-width=\"none\"\n\t\t\tdata-height=\"none\"\n\t\t\tdata-whitespace=\"nowrap\"\n \n\t\t\tdata-type=\"text\" \n\t\t\tdata-responsive_offset=\"on\" \n\n\t\t\tdata-frames='[{\"delay\":260,\"speed\":380,\"frame\":\"0\",\"from\":\"y:50px;opacity:0;\",\"to\":\"o:1;\",\"ease\":\"Power2.easeInOut\"},{\"delay\":\"wait\",\"speed\":300,\"frame\":\"999\",\"to\":\"y:-50px;opacity:0;\",\"ease\":\"nothing\"}]'\n\t\t\tdata-textAlign=\"['left','left','left','center']\"\n\t\t\tdata-paddingtop=\"[0,0,0,0]\"\n\t\t\tdata-paddingright=\"[0,0,0,0]\"\n\t\t\tdata-paddingbottom=\"[0,0,0,0]\"\n\t\t\tdata-paddingleft=\"[0,0,0,0]\"\n\n\t\t\tstyle=\"z-index: 5; white-space: nowrap; font-size: 68px; line-height: 74px; font-weight: 600; color: rgba(255,255,255,1); letter-spacing: 0px;font-family:Poppins;\">Die soziale Zukunft <br>unserer Stadt sichern! <\/div>\n\n\t\t<!-- LAYER NR. 4 -->\n\t\t<div class=\"tp-caption   tp-resizeme  white-space-normal\" \n\t\t\t id=\"slide-14-layer-4\" \n\t\t\t data-x=\"['left','left','left','center']\" data-hoffset=\"['9','9','10','0']\" \n\t\t\t data-y=\"['top','top','middle','middle']\" data-voffset=\"['434','434','32','15']\" \n\t\t\t\t\t\tdata-fontsize=\"['20','20','18','18']\"\n\t\t\tdata-lineheight=\"['36','36','30','28']\"\n\t\t\tdata-width=\"['501','501','501','96%']\"\n\t\t\tdata-height=\"none\"\n\t\t\tdata-whitespace=\"normal\"\n \n\t\t\tdata-type=\"text\" \n\t\t\tdata-responsive_offset=\"on\" \n\n\t\t\tdata-frames='[{\"delay\":910,\"speed\":420,\"frame\":\"0\",\"from\":\"y:50px;opacity:0;\",\"to\":\"o:1;\",\"ease\":\"Power2.easeInOut\"},{\"delay\":\"wait\",\"speed\":300,\"frame\":\"999\",\"to\":\"y:-50px;opacity:0;\",\"ease\":\"nothing\"}]'\n\t\t\tdata-textAlign=\"['left','left','left','center']\"\n\t\t\tdata-paddingtop=\"[0,0,0,0]\"\n\t\t\tdata-paddingright=\"[0,0,0,0]\"\n\t\t\tdata-paddingbottom=\"[0,0,0,0]\"\n\t\t\tdata-paddingleft=\"[0,0,0,0]\"\n\n\t\t\tstyle=\"z-index: 6; min-width: 501px; max-width: 501px; white-space: normal; font-size: 20px; line-height: 36px; font-weight: 400; color: rgba(255,255,255,1); letter-spacing: 0px;font-family:Poppins;\">F\u00f6rderung und Unterst\u00fctzung von Projekten, Vereinen und gesellschaftsrelevanten Vorhaben. <\/div>\n\t<\/li>\n<\/ul>\n<script>var htmlDiv = document.getElementById(\"rs-plugin-settings-inline-css\"); var htmlDivCss=\"\";\r\n\t\t\t\t\t\tif(htmlDiv) {\r\n\t\t\t\t\t\t\thtmlDiv.innerHTML = htmlDiv.innerHTML + htmlDivCss;\r\n\t\t\t\t\t\t}else{\r\n\t\t\t\t\t\t\tvar htmlDiv = document.createElement(\"div\");\r\n\t\t\t\t\t\t\thtmlDiv.innerHTML = \"<style>\" + htmlDivCss + \"<\/style>\";\r\n\t\t\t\t\t\t\tdocument.getElementsByTagName(\"head\")[0].appendChild(htmlDiv.childNodes[0]);\r\n\t\t\t\t\t\t}\r\n\t\t\t\t\t<\/script>\n<div class=\"tp-bannertimer tp-bottom\" style=\"visibility: hidden !important;\"><\/div>\t<\/div>\n<script>var htmlDiv = document.getElementById(\"rs-plugin-settings-inline-css\"); var htmlDivCss=\"\";\r\n\t\t\t\tif(htmlDiv) {\r\n\t\t\t\t\thtmlDiv.innerHTML = htmlDiv.innerHTML + htmlDivCss;\r\n\t\t\t\t}else{\r\n\t\t\t\t\tvar htmlDiv = document.createElement(\"div\");\r\n\t\t\t\t\thtmlDiv.innerHTML = \"<style>\" + htmlDivCss + \"<\/style>\";\r\n\t\t\t\t\tdocument.getElementsByTagName(\"head\")[0].appendChild(htmlDiv.childNodes[0]);\r\n\t\t\t\t}\r\n\t\t\t<\/script>\n\t\t<script type=\"text\/javascript\">\r\nif (setREVStartSize!==undefined) setREVStartSize(\r\n\t{c: '#rev_slider_1_1', responsiveLevels: [1240,1240,778,480], gridwidth: [1170,1170,778,480], gridheight: [800,800,500,400], sliderLayout: 'auto'});\r\n\t\t\t\r\nvar revapi1,\r\n\ttpj;\t\r\n(function() {\t\t\t\r\n\tif (!\/loaded|interactive|complete\/.test(document.readyState)) document.addEventListener(\"DOMContentLoaded\",onLoad); else onLoad();\t\r\n\tfunction onLoad() {\t\t\t\t\r\n\t\tif (tpj===undefined) { tpj = jQuery; if(\"off\" == \"on\") tpj.noConflict();}\r\n\tif(tpj(\"#rev_slider_1_1\").revolution == undefined){\n\t\trevslider_showDoubleJqueryError(\"#rev_slider_1_1\");\n\t}else{\n\t\trevapi1 = tpj(\"#rev_slider_1_1\").show().revolution({\n\t\t\tsliderType:\"standard\",\n\t\t\tjsFileLocation:\"\/\/www.badkoenig-stiftung.de\/wp-content\/plugins\/revslider\/public\/assets\/js\/\",\n\t\t\tsliderLayout:\"auto\",\n\t\t\tdottedOverlay:\"none\",\n\t\t\tdelay:9000,\n\t\t\tnavigation: {\n\t\t\t\tkeyboardNavigation:\"off\",\n\t\t\t\tkeyboard_direction: \"horizontal\",\n\t\t\t\tmouseScrollNavigation:\"off\",\n \t\t\t\t\t\t\tmouseScrollReverse:\"default\",\n\t\t\t\tonHoverStop:\"off\",\n\t\t\t\tarrows: {\n\t\t\t\t\tstyle:\"gyges\",\n\t\t\t\t\tenable:true,\n\t\t\t\t\thide_onmobile:false,\n\t\t\t\t\thide_onleave:true,\n\t\t\t\t\thide_delay:200,\n\t\t\t\t\thide_delay_mobile:1200,\n\t\t\t\t\ttmp:'',\n\t\t\t\t\tleft: {\n\t\t\t\t\t\th_align:\"left\",\n\t\t\t\t\t\tv_align:\"center\",\n\t\t\t\t\t\th_offset:20,\n\t\t\t\t\t\tv_offset:0\n\t\t\t\t\t},\n\t\t\t\t\tright: {\n\t\t\t\t\t\th_align:\"right\",\n\t\t\t\t\t\tv_align:\"center\",\n\t\t\t\t\t\th_offset:20,\n\t\t\t\t\t\tv_offset:0\n\t\t\t\t\t}\n\t\t\t\t}\n\t\t\t\t,\n\t\t\t\tbullets: {\n\t\t\t\t\tenable:true,\n\t\t\t\t\thide_onmobile:false,\n\t\t\t\t\tstyle:\"hermes\",\n\t\t\t\t\thide_onleave:false,\n\t\t\t\t\tdirection:\"horizontal\",\n\t\t\t\t\th_align:\"center\",\n\t\t\t\t\tv_align:\"bottom\",\n\t\t\t\t\th_offset:0,\n\t\t\t\t\tv_offset:20,\n\t\t\t\t\tspace:10,\n\t\t\t\t\ttmp:''\n\t\t\t\t}\n\t\t\t},\n\t\t\tresponsiveLevels:[1240,1240,778,480],\n\t\t\tvisibilityLevels:[1240,1240,778,480],\n\t\t\tgridwidth:[1170,1170,778,480],\n\t\t\tgridheight:[800,800,500,400],\n\t\t\tlazyType:\"none\",\n\t\t\tshadow:0,\n\t\t\tspinner:\"spinner0\",\n\t\t\tstopLoop:\"off\",\n\t\t\tstopAfterLoops:-1,\n\t\t\tstopAtSlide:-1,\n\t\t\tshuffle:\"off\",\n\t\t\tautoHeight:\"off\",\n\t\t\tdisableProgressBar:\"on\",\n\t\t\thideThumbsOnMobile:\"off\",\n\t\t\thideSliderAtLimit:0,\n\t\t\thideCaptionAtLimit:0,\n\t\t\thideAllCaptionAtLilmit:0,\n\t\t\tdebugMode:false,\n\t\t\tfallbacks: {\n\t\t\t\tsimplifyAll:\"off\",\n\t\t\t\tnextSlideOnWindowFocus:\"off\",\n\t\t\t\tdisableFocusListener:false,\n\t\t\t}\n\t\t});\n\t}; \/* END OF revapi call *\/\n\t\n }; \/* END OF ON LOAD FUNCTION *\/\r\n}()); \/* END OF WRAPPING FUNCTION *\/\r\n<\/script>\r\n\t\t<script>\r\n\t\t\t\t\tvar htmlDivCss = unescape(\"%0A.hermes.tp-bullets%20%7B%0A%7D%0A%0A.hermes%20.tp-bullet%20%7B%0A%20%20%20%20overflow%3Ahidden%3B%0A%20%20%20%20border-radius%3A50%25%3B%0A%20%20%20%20width%3A16px%3B%0A%20%20%20%20height%3A16px%3B%0A%20%20%20%20background-color%3A%20rgba%280%2C%200%2C%200%2C%200%29%3B%0A%20%20%20%20box-shadow%3A%20inset%200%200%200%202px%20rgb%28255%2C%20255%2C%20255%29%3B%0A%20%20%20%20-webkit-transition%3A%20background%200.3s%20ease%3B%0A%20%20%20%20transition%3A%20background%200.3s%20ease%3B%0A%20%20%20%20position%3Aabsolute%3B%0A%7D%0A%0A.hermes%20.tp-bullet%3Ahover%20%7B%0A%09%20%20background-color%3A%20rgba%280%2C0%2C0%2C0.21%29%3B%0A%7D%0A.hermes%20.tp-bullet%3Aafter%20%7B%0A%20%20content%3A%20%27%20%27%3B%0A%20%20position%3A%20absolute%3B%0A%20%20bottom%3A%200%3B%0A%20%20height%3A%200%3B%0A%20%20left%3A%200%3B%0A%20%20width%3A%20100%25%3B%0A%20%20background-color%3A%20rgb%28255%2C%20255%2C%20255%29%3B%0A%20%20box-shadow%3A%200%200%201px%20rgb%28255%2C%20255%2C%20255%29%3B%0A%20%20-webkit-transition%3A%20height%200.3s%20ease%3B%0A%20%20transition%3A%20height%200.3s%20ease%3B%0A%7D%0A.hermes%20.tp-bullet.selected%3Aafter%20%7B%0A%20%20height%3A100%25%3B%0A%7D%0A%0A\");\r\n\t\t\t\t\tvar htmlDiv = document.getElementById('rs-plugin-settings-inline-css');\r\n\t\t\t\t\tif(htmlDiv) {\r\n\t\t\t\t\t\thtmlDiv.innerHTML = htmlDiv.innerHTML + htmlDivCss;\r\n\t\t\t\t\t}\r\n\t\t\t\t\telse{\r\n\t\t\t\t\t\tvar htmlDiv = document.createElement('div');\r\n\t\t\t\t\t\thtmlDiv.innerHTML = '<style>' + htmlDivCss + '<\/style>';\r\n\t\t\t\t\t\tdocument.getElementsByTagName('head')[0].appendChild(htmlDiv.childNodes[0]);\r\n\t\t\t\t\t}\r\n\t\t\t\t  <\/script>\r\n\t\t\t\t<\/div><!-- END REVOLUTION SLIDER -->[\/vc_column][\/vc_row][vc_row row_space=&#8220;padding-small&#8220; custom_background=&#8220;bg-theme-2&#8243;][vc_column][gva_call_to_action title=&#8220;Gemeinsam machen wir Bad K\u00f6nig noch besser!&#8220; button_align=&#8220;button-right&#8220; text_link=&#8220;Spende jetzt&#8220;]Helft uns lokale Projekte zu unterst\u00fctzen.[\/gva_call_to_action][\/vc_column][\/vc_row][vc_row][vc_column width=&#8220;1\/2&#8243; offset=&#8220;vc_col-lg-3 vc_col-md-3&#8243;][gva_box_color text_style=&#8220;white&#8220; text_link=&#8220;Mitmachen&#8220; color=&#8220;#369ff4&#8243; height=&#8220;415px&#8220; image=&#8220;4166&#8243; el_class=&#8220;icon-image&#8220; link=&#8220;https:\/\/www.badkoenig-stiftung.de\/?page_id=610&#8243;]In Bad K\u00f6nig gibt es eine gro\u00dfe\u00a0 Bereitschaft vieler B\u00fcrger, sich ehrenamtlich einzubringen \u2013 sei es nun in klassischen Vereinen oder in Initiativen und F\u00f6rderkreisen. Wir m\u00f6chten als Unterst\u00fctzer f\u00fcr all diese Gruppen t\u00e4tig sein.[\/gva_box_color][\/vc_column][vc_column width=&#8220;1\/2&#8243; offset=&#8220;vc_col-lg-3 vc_col-md-3&#8243;][gva_box_color text_style=&#8220;white&#8220; image=&#8220;4169&#8243; text_link=&#8220;Projekte&#8220; color=&#8220;#9064bf&#8220; title=&#8220;Kunst und Kultur&#8220; height=&#8220;415px&#8220;]Schaue hier wie wir Kunst und Kultur in der Stadt f\u00f6rdern k\u00f6nnen.[\/gva_box_color][\/vc_column][vc_column width=&#8220;1\/2&#8243; offset=&#8220;vc_col-lg-3 vc_col-md-3&#8243;][gva_box_color text_style=&#8220;white&#8220; image=&#8220;4172&#8243; text_link=&#8220;Projekte&#8220; color=&#8220;#fa575d&#8220; title=&#8220;Sport und Bewegung&#8220; height=&#8220;415px&#8220;]Unsere Projekte f\u00fcr Sport und Bewegung in Bad K\u00f6nig und Umland.[\/gva_box_color][\/vc_column][vc_column width=&#8220;1\/2&#8243; offset=&#8220;vc_col-lg-3 vc_col-md-3&#8243;][gva_box_color text_style=&#8220;white&#8220; image=&#8220;4177&#8243; text_link=&#8220;Projekte&#8220; color=&#8220;#5586e8&#8243; title=&#8220;Tourismus&#8220; height=&#8220;415px&#8220;]Tourismusf\u00f6rderung ist auch ein wichtiger Punkt in unserer Stiftung.[\/gva_box_color][\/vc_column][\/vc_row][vc_row row_space=&#8220;remove_padding_top&#8220;][vc_column offset=&#8220;vc_col-lg-6 vc_col-md-6&#8243;][vc_row_inner][vc_column_inner][gva_block_heading title=&#8220;Bad K\u00f6nig kann mehr!&#8220; style=&#8220;style-2&#8243; align=&#8220;align-left&#8220; desc=&#8220;Aenean lacinia bibendum nulla sed consectetur. Integer posuere erat a ante venenatis dapibus posuere velit aliquet.&#8220; subtitle=&#8220;Wir unterst\u00fctzen euch&#8220;]Ideen und Projekte sollen nicht nur einem kleinen Kreis nutzen, sondern einer m\u00f6glichst breiten Gemeinschaft.[\/gva_block_heading][vc_text_separator title=&#8220;Fakten&#8220;][\/vc_column_inner][\/vc_row_inner][vc_row_inner][vc_column_inner width=&#8220;1\/2&#8243; offset=&#8220;vc_col-xs-6&#8243;][gva_counter title=&#8220;Einwohner&#8220; icon=&#8220;gv-icon-1566&#8243; number=&#8220;9760&#8243; icon_color=&#8220;#ff9800&#8243;][\/gva_counter][\/vc_column_inner][vc_column_inner width=&#8220;1\/2&#8243; offset=&#8220;vc_col-xs-6&#8243;][gva_counter title=&#8220;Stadtteile&#8220; icon=&#8220;gv-icon-1120&#8243; number=&#8220;7&#8243; icon_color=&#8220;#8bca4e&#8220;][\/gva_counter][\/vc_column_inner][\/vc_row_inner][vc_row_inner][vc_column_inner width=&#8220;1\/2&#8243; offset=&#8220;vc_col-xs-6&#8243;][gva_counter title=&#8220;Fl\u00e4che&#8220; icon=&#8220;gv-icon-1136&#8243; number=&#8220;46&#8243; symbol=&#8220;km2&#8243; icon_color=&#8220;#fec501&#8243;][\/gva_counter][\/vc_column_inner][vc_column_inner width=&#8220;1\/2&#8243; offset=&#8220;vc_col-xs-6&#8243;][gva_counter title=&#8220;Tradition&#8220; icon=&#8220;gv-icon-1103&#8243; symbol=&#8220;+ Jahre&#8220; icon_color=&#8220;#5586e8&#8243;][\/gva_counter][\/vc_column_inner][\/vc_row_inner][\/vc_column][vc_column offset=&#8220;vc_col-lg-6 vc_col-md-6&#8243;][gva_block_heading title=&#8220;Bad K\u00f6nig&#8220; style=&#8220;style-3&#8243;][\/gva_block_heading][gva_image_content background=&#8220;4203&#8243;][\/gva_image_content][\/vc_column][\/vc_row][vc_row parallax=&#8220;content-moving&#8220; parallax_image=&#8220;4319&#8243; parallax_speed_bg=&#8220;1.6&#8243; isfullwidth=&#8220;&#8220; css=&#8220;.vc_custom_1544644004028{padding-bottom: 0px !important;background-position: center;background-repeat: no-repeat !important;background-size: contain !important;}&#8220;][vc_column][vc_row_inner][vc_column_inner][gva_block_heading title=&#8220;Wie kann ich helfen?&#8220; style_text=&#8220;text-light&#8220; desc=&#8220;Donec id elit non mi porta gravida at eget metus lorem ipsum dolor.&#8220;][\/gva_block_heading][\/vc_column_inner][\/vc_row_inner][vc_row_inner][vc_column_inner width=&#8220;1\/2&#8243; offset=&#8220;vc_col-lg-3 vc_col-md-3&#8243;][gva_icon_box title=&#8220;Suche ein Projekt aus&#8220; description=&#8220;Wir unterst\u00fctzen viele Projekte in und um Bad K\u00f6nig, st\u00f6bere auf unseren Seiten.&#8220; icon_position=&#8220;top-center v2&#8243; icon_width=&#8220;fa-2x&#8220; skin_text=&#8220;text-light&#8220; icon_color=&#8220;#FFA600&#8243; image=&#8220;3846&#8243;][\/vc_column_inner][vc_column_inner width=&#8220;1\/2&#8243; offset=&#8220;vc_col-lg-3 vc_col-md-3&#8243;][gva_icon_box title=&#8220;Spende an die Stiftung&#8220; description=&#8220;Du kannst allgemein oder Projektbezogen an unsere Stiftung spenden.&#8220; icon_position=&#8220;top-center v2&#8243; icon_width=&#8220;fa-2x&#8220; skin_text=&#8220;text-light&#8220; icon_color=&#8220;#FFA600&#8243; image=&#8220;3843&#8243;][\/vc_column_inner][vc_column_inner width=&#8220;1\/2&#8243; offset=&#8220;vc_col-lg-3 vc_col-md-3&#8243;][gva_icon_box title=&#8220;Teile das Projekt&#8220; description=&#8220;Verbreite das Projekt auf sozialen Medien oder in deinem Umfeld.&#8220; icon_position=&#8220;top-center v2&#8243; icon_width=&#8220;fa-2x&#8220; skin_text=&#8220;text-light&#8220; icon_color=&#8220;#FFA600&#8243; image=&#8220;3844&#8243;][\/vc_column_inner][vc_column_inner width=&#8220;1\/2&#8243; offset=&#8220;vc_col-lg-3 vc_col-md-3&#8243;][gva_icon_box title=&#8220;Schaue wie dein Projekt w\u00e4chst.&#8220; description=&#8220;St\u00fcck f\u00fcr St\u00fcck wird dein Projekt wachsen, bis zur Vollendung.&#8220; icon_position=&#8220;top-center v2&#8243; icon_width=&#8220;fa-2x&#8220; skin_text=&#8220;text-light&#8220; icon_color=&#8220;#FFA600&#8243; image=&#8220;4257&#8243;][\/vc_column_inner][\/vc_row_inner][\/vc_column][\/vc_row][vc_row row_space=&#8220;remove_padding_bottom&#8220;][vc_column][gva_block_heading title=&#8220;Aus unserem Blog&#8220; icon=&#8220;gv-icon-619&#8243; align=&#8220;align-left-2&#8243; subtitle=&#8220;Neuigkeiten&#8220;]<a class=\"btn-theme\" href=\"http:\/\/hiddenprev.badkoenig-stiftung.de\/?page_id=510\">Alles Anzeigen<\/a>[\/gva_block_heading][gva_blogs_stick_list loop=&#8220;size:4|order_by:date|post_type:post&#8220;][\/vc_column][\/vc_row][vc_row row_space=&#8220;remove_padding_top&#8220;][vc_column][vc_widget_sidebar sidebar_id=&#8220;instagram_sidebar&#8220; el_class=&#8220;margin-bottom-0&#8243;][\/vc_column][\/vc_row]<\/p>\n","protected":false},"excerpt":{"rendered":"<p>[vc_row fullwidth=&#8220;0&#8243; row_space=&#8220;remove_padding&#8220; isfullwidth=&#8220;0&#8243;][vc_column][\/vc_column][\/vc_row][vc_row row_space=&#8220;padding-small&#8220; custom_background=&#8220;bg-theme-2&#8243;][vc_column][gva_call_to_action title=&#8220;Gemeinsam machen wir Bad K\u00f6nig noch besser!&#8220; button_align=&#8220;button-right&#8220; text_link=&#8220;Spende jetzt&#8220;]Helft uns lokale Projekte zu unterst\u00fctzen.[\/gva_call_to_action][\/vc_column][\/vc_row][vc_row][vc_column width=&#8220;1\/2&#8243; offset=&#8220;vc_col-lg-3 vc_col-md-3&#8243;][gva_box_color text_style=&#8220;white&#8220; text_link=&#8220;Mitmachen&#8220; color=&#8220;#369ff4&#8243; height=&#8220;415px&#8220; image=&#8220;4166&#8243; el_class=&#8220;icon-image&#8220; link=&#8220;https:\/\/www.badkoenig-stiftung.de\/?page_id=610&#8243;]In Bad K\u00f6nig gibt es eine gro\u00dfe\u00a0 Bereitschaft vieler B\u00fcrger, sich ehrenamtlich einzubringen \u2013 sei es nun in klassischen Vereinen oder in Initiativen und F\u00f6rderkreisen. [&hellip;]<\/p>\n","protected":false},"author":1,"featured_media":0,"parent":0,"menu_order":0,"comment_status":"closed","ping_status":"closed","template":"","meta":{"sharing_disabled":false,"spay_email":""},"_links":{"self":[{"href":"https:\/\/www.badkoenig-stiftung.de\/index.php?rest_route=\/wp\/v2\/pages\/36"}],"collection":[{"href":"https:\/\/www.badkoenig-stiftung.de\/index.php?rest_route=\/wp\/v2\/pages"}],"about":[{"href":"https:\/\/www.badkoenig-stiftung.de\/index.php?rest_route=\/wp\/v2\/types\/page"}],"author":[{"embeddable":true,"href":"https:\/\/www.badkoenig-stiftung.de\/index.php?rest_route=\/wp\/v2\/users\/1"}],"replies":[{"embeddable":true,"href":"https:\/\/www.badkoenig-stiftung.de\/index.php?rest_route=%2Fwp%2Fv2%2Fcomments&post=36"}],"version-history":[{"count":74,"href":"https:\/\/www.badkoenig-stiftung.de\/index.php?rest_route=\/wp\/v2\/pages\/36\/revisions"}],"predecessor-version":[{"id":4416,"href":"https:\/\/www.badkoenig-stiftung.de\/index.php?rest_route=\/wp\/v2\/pages\/36\/revisions\/4416"}],"wp:attachment":[{"href":"https:\/\/www.badkoenig-stiftung.de\/index.php?rest_route=%2Fwp%2Fv2%2Fmedia&parent=36"}],"curies":[{"name":"wp","href":"https:\/\/api.w.org\/{rel}","templated":true}]}}