{"id":4363,"date":"2018-12-28T10:27:33","date_gmt":"2018-12-28T09:27:33","guid":{"rendered":"http:\/\/hiddenprev.badkoenig-stiftung.de\/?page_id=4363"},"modified":"2019-02-20T20:22:07","modified_gmt":"2019-02-20T19:22:07","slug":"impressum","status":"publish","type":"page","link":"https:\/\/www.badkoenig-stiftung.de\/?page_id=4363","title":{"rendered":"Impressum"},"content":{"rendered":"<p>Angaben gem\u00e4\u00df \u00a7 5 TMG<\/p>\n<p>Bad K\u00f6nig Stiftung gGmbH<br \/>\nM\u00fcmlingstra\u00dfe 8<br \/>\n64732 Bad K\u00f6nig<\/p>\n<p>Handelsregister: HRB 71203<br \/>\nRegistergericht: Amtsgericht Darmstadt<\/p>\n<p>Vertreten durch die Gesch\u00e4ftsf\u00fchrer:<br \/>\nHermann Krimmelbein, Margit Neugebauer<\/p>\n<p>Kontakt<br \/>\nTelefon: +49-6063-5070<br \/>\nTelefax: +49-6063-50760<br \/>\nE-Mail: info@badkoenig-stiftung.de<\/p>\n<p>Wir sind nicht bereit oder verpflichtet, an Streitbeilegungsverfahren vor einer<br \/>\nVerbraucherschlichtungsstelle teilzunehmen.<\/p>\n<p>Haftung f\u00fcr Inhalte<br \/>\nAls Diensteanbieter sind wir gem\u00e4\u00df \u00a7 7 Abs.1 TMG f\u00fcr eigene Inhalte auf diesen Seiten nach den<br \/>\nallgemeinen Gesetzen verantwortlich. Nach \u00a7\u00a7 8 bis 10 TMG sind wir als Diensteanbieter jedoch nicht<br \/>\nverpflichtet, \u00fcbermittelte oder gespeicherte fremde Informationen zu \u00fcberwachen oder nach Umst\u00e4nden zu<br \/>\nforschen, die auf eine rechtswidrige T\u00e4tigkeit hinweisen.<br \/>\nVerpflichtungen zur Entfernung oder Sperrung der Nutzung von Informationen nach den allgemeinen<br \/>\nGesetzen bleiben hiervon unber\u00fchrt. Eine diesbez\u00fcgliche Haftung ist jedoch erst ab dem Zeitpunkt der<br \/>\nKenntnis einer konkreten Rechtsverletzung m\u00f6glich. Bei Bekanntwerden von entsprechenden<br \/>\nRechtsverletzungen werden wir diese Inhalte umgehend entfernen.<\/p>\n<p>Haftung f\u00fcr Links<br \/>\nUnser Angebot enth\u00e4lt Links zu externen Websites Dritter, auf deren Inhalte wir keinen Einfluss haben.<br \/>\nDeshalb k\u00f6nnen wir f\u00fcr diese fremden Inhalte auch keine Gew\u00e4hr \u00fcbernehmen. F\u00fcr die Inhalte der<br \/>\nverlinkten Seiten ist stets der jeweilige Anbieter oder Betreiber der Seiten verantwortlich. Die verlinkten<br \/>\nSeiten wurden zum Zeitpunkt der Verlinkung auf m\u00f6gliche Rechtsverst\u00f6\u00dfe \u00fcberpr\u00fcft. Rechtswidrige Inhalte<br \/>\nwaren zum Zeitpunkt der Verlinkung nicht erkennbar.<br \/>\nEine permanente inhaltliche Kontrolle der verlinkten Seiten ist jedoch ohne konkrete Anhaltspunkte einer<br \/>\nRechtsverletzung nicht zumutbar. Bei Bekanntwerden von Rechtsverletzungen werden wir derartige Links<br \/>\numgehend entfernen.<\/p>\n<p>Urheberrecht<br \/>\nDie durch die Seitenbetreiber erstellten Inhalte und Werke auf diesen Seiten unterliegen dem deutschen<br \/>\nUrheberrecht. Die Vervielf\u00e4ltigung, Bearbeitung, Verbreitung und jede Art der Verwertung au\u00dferhalb der<br \/>\nGrenzen des Urheberrechtes bed\u00fcrfen der schriftlichen Zustimmung des jeweiligen Autors bzw. Erstellers.<br \/>\nDownloads und Kopien dieser Seite sind nur f\u00fcr den privaten, nicht kommerziellen Gebrauch gestattet.<br \/>\nSoweit die Inhalte auf dieser Seite nicht vom Betreiber erstellt wurden, werden die Urheberrechte Dritter<br \/>\nbeachtet. Insbesondere werden Inhalte Dritter als solche gekennzeichnet. Sollten Sie trotzdem auf eine<br \/>\nUrheberrechtsverletzung aufmerksam werden, bitten wir um einen entsprechenden Hinweis. Bei<br \/>\nBekanntwerden von Rechtsverletzungen werden wir derartige Inhalte umgehend entfernen.<\/p>\n<p>Quelle:<br \/>\nhttps:\/\/www.e-recht24.de\/impressum-generator.html<\/p>\n","protected":false},"excerpt":{"rendered":"<p>Angaben gem\u00e4\u00df \u00a7 5 TMG Bad K\u00f6nig Stiftung gGmbH M\u00fcmlingstra\u00dfe 8 64732 Bad K\u00f6nig Handelsregister: HRB 71203 Registergericht: Amtsgericht Darmstadt Vertreten durch die Gesch\u00e4ftsf\u00fchrer: Hermann Krimmelbein, Margit Neugebauer Kontakt Telefon: +49-6063-5070 Telefax: +49-6063-50760 E-Mail: info@badkoenig-stiftung.de Wir sind nicht bereit oder verpflichtet, an Streitbeilegungsverfahren vor einer Verbraucherschlichtungsstelle teilzunehmen. Haftung f\u00fcr Inhalte Als Diensteanbieter sind wir gem\u00e4\u00df [&hellip;]<\/p>\n","protected":false},"author":1,"featured_media":0,"parent":0,"menu_order":0,"comment_status":"closed","ping_status":"closed","template":"","meta":{"sharing_disabled":false,"spay_email":""},"_links":{"self":[{"href":"https:\/\/www.badkoenig-stiftung.de\/index.php?rest_route=\/wp\/v2\/pages\/4363"}],"collection":[{"href":"https:\/\/www.badkoenig-stiftung.de\/index.php?rest_route=\/wp\/v2\/pages"}],"about":[{"href":"https:\/\/www.badkoenig-stiftung.de\/index.php?rest_route=\/wp\/v2\/types\/page"}],"author":[{"embeddable":true,"href":"https:\/\/www.badkoenig-stiftung.de\/index.php?rest_route=\/wp\/v2\/users\/1"}],"replies":[{"embeddable":true,"href":"https:\/\/www.badkoenig-stiftung.de\/index.php?rest_route=%2Fwp%2Fv2%2Fcomments&post=4363"}],"version-history":[{"count":2,"href":"https:\/\/www.badkoenig-stiftung.de\/index.php?rest_route=\/wp\/v2\/pages\/4363\/revisions"}],"predecessor-version":[{"id":4408,"href":"https:\/\/www.badkoenig-stiftung.de\/index.php?rest_route=\/wp\/v2\/pages\/4363\/revisions\/4408"}],"wp:attachment":[{"href":"https:\/\/www.badkoenig-stiftung.de\/index.php?rest_route=%2Fwp%2Fv2%2Fmedia&parent=4363"}],"curies":[{"name":"wp","href":"https:\/\/api.w.org\/{rel}","templated":true}]}}