{"id":610,"date":"2016-03-07T03:10:46","date_gmt":"2016-03-07T03:10:46","guid":{"rendered":"https:\/\/themesgavias.com\/wp\/kunco\/?page_id=610"},"modified":"2019-03-25T20:51:21","modified_gmt":"2019-03-25T19:51:21","slug":"contact-page","status":"publish","type":"page","link":"https:\/\/www.badkoenig-stiftung.de\/?page_id=610","title":{"rendered":"Kontakt"},"content":{"rendered":"<p>[vc_row][vc_column][gva_box_color text_style=&#8220;white&#8220;]\u00dcber dieses Formular k\u00f6nnen Sie uns Anregungen und Informationen zukommen lassen.<\/p>\n<p>Ebenso k\u00f6nnen Sie uns Ihren Wunsch zur Beteiligung an Projekten oder der Stiftungsarbeit sebst mitteilen.[\/gva_box_color][\/vc_column][\/vc_row][vc_row row_space=&#8220;remove_padding&#8220;][vc_column width=&#8220;2\/3&#8243;]<div role=\"form\" class=\"wpcf7\" id=\"wpcf7-f236-o1\" lang=\"en-US\" dir=\"ltr\">\n<div class=\"screen-reader-response\"><\/div>\n<form action=\"\/index.php?rest_route=%2Fwp%2Fv2%2Fpages%2F610#wpcf7-f236-o1\" method=\"post\" class=\"wpcf7-form\" novalidate=\"novalidate\">\n<div style=\"display: none;\">\n<input type=\"hidden\" name=\"_wpcf7\" value=\"236\" \/>\n<input type=\"hidden\" name=\"_wpcf7_version\" value=\"5.1.6\" \/>\n<input type=\"hidden\" name=\"_wpcf7_locale\" value=\"en_US\" \/>\n<input type=\"hidden\" name=\"_wpcf7_unit_tag\" value=\"wpcf7-f236-o1\" \/>\n<input type=\"hidden\" name=\"_wpcf7_container_post\" value=\"0\" \/>\n<\/div>\n<div class=\"row\">\n<div class=\"col-sm-4 col-xs-12\"><span class=\"wpcf7-form-control-wrap your-name\"><input type=\"text\" name=\"your-name\" value=\"\" size=\"40\" class=\"wpcf7-form-control wpcf7-text wpcf7-validates-as-required\" aria-required=\"true\" aria-invalid=\"false\" placeholder=\"Name *\" \/><\/span> <\/div>\n<div class=\"col-sm-4 col-xs-12\"><span class=\"wpcf7-form-control-wrap your-email\"><input type=\"email\" name=\"your-email\" value=\"\" size=\"40\" class=\"wpcf7-form-control wpcf7-text wpcf7-email wpcf7-validates-as-required wpcf7-validates-as-email\" aria-required=\"true\" aria-invalid=\"false\" placeholder=\"Email *\" \/><\/span> <\/div>\n<div class=\"col-sm-4 col-xs-12\"><span class=\"wpcf7-form-control-wrap your-subject\"><input type=\"text\" name=\"your-subject\" value=\"\" size=\"40\" class=\"wpcf7-form-control wpcf7-text wpcf7-validates-as-required\" aria-required=\"true\" aria-invalid=\"false\" placeholder=\"Betreff *\" \/><\/span> <\/div>\n<\/div>\n<div class=\"row\">\n<div class=\"col-xs-12\"><span class=\"wpcf7-form-control-wrap your-message\"><textarea name=\"your-message\" cols=\"40\" rows=\"6\" class=\"wpcf7-form-control wpcf7-textarea\" aria-invalid=\"false\" placeholder=\"Nachricht\"><\/textarea><\/span><br \/>\n<span class=\"wpcf7-form-control-wrap acceptance-362\"><span class=\"wpcf7-form-control wpcf7-acceptance\"><span class=\"wpcf7-list-item\"><label><input type=\"checkbox\" name=\"acceptance-362\" value=\"1\" aria-invalid=\"false\" \/><span class=\"wpcf7-list-item-label\"><a href=\".\/?page_id=4365\">Datenschutzbestimmungen<\/a> akzeptieren<\/span><\/label><\/span><\/span><\/span><\/div>\n<div class=\"col-xs-12 action\"><input type=\"submit\" value=\"Nachricht senden\" class=\"wpcf7-form-control wpcf7-submit\" \/><\/div>\n<\/div>\n<div class=\"wpcf7-response-output wpcf7-display-none\"><\/div><\/form><\/div>[\/vc_column][vc_column width=&#8220;1\/3&#8243;][gva_block_heading title=&#8220;Gesch\u00e4ftsstelle&#8220; align=&#8220;align-left&#8220;][\/gva_block_heading][gva_contact_info photo=&#8220;954&#8243; address=&#8220;M\u00fcmlingstra\u00dfe 8, 64732 Bad K\u00f6nig&#8220; email=&#8220;info@badkoenig-stiftung.de&#8220; website=&#8220;www.badkoenig-stiftung.de&#8220;][\/vc_column][\/vc_row][vc_row row_space=&#8220;remove_padding&#8220; isfullwidth=&#8220;0&#8243;][vc_column][vc_gmaps link=&#8220;#E-8_JTNDaWZyYW1lJTIwc3JjJTNEJTIyaHR0cHMlM0ElMkYlMkZ3d3cuZ29vZ2xlLmNvbSUyRm1hcHMlMkZlbWJlZCUzRnBiJTNEJTIxMW0xOCUyMTFtMTIlMjExbTMlMjExZDMzNzA0LjM1NjIxNzY2MTEyJTIxMmQ4Ljk4NzA4NjA3NDkzODg1MSUyMTNkNDkuNzM5MTEzMDc4OTM2Njc1JTIxMm0zJTIxMWYwJTIxMmYwJTIxM2YwJTIxM20yJTIxMWkxMDI0JTIxMmk3NjglMjE0ZjEzLjElMjEzbTMlMjExbTIlMjExczB4NDdiZDU5NWQ1NzViNWEzZiUyNTNBMHg0MjI0MzUwMjliMDlmZjAlMjEyczY0NzMyJTJCQmFkJTJCSyUyNUMzJTI1QjZuaWclMjE1ZTAlMjEzbTIlMjExc2RlJTIxMnNkZSUyMTR2MTU0NDY0NjY5MDAxMSUyMiUyMHdpZHRoJTNEJTIyNjAwJTIyJTIwaGVpZ2h0JTNEJTIyNDUwJTIyJTIwZnJhbWVib3JkZXIlM0QlMjIwJTIyJTIwc3R5bGUlM0QlMjJib3JkZXIlM0EwJTIyJTIwYWxsb3dmdWxsc2NyZWVuJTNFJTNDJTJGaWZyYW1lJTNF&#8220; size=&#8220;450&#8243; css=&#8220;.vc_custom_1544646717329{padding-top: 50px !important;padding-bottom: 50px !important;}&#8220;][\/vc_column][\/vc_row]<\/p>\n","protected":false},"excerpt":{"rendered":"<p>[vc_row][vc_column][gva_box_color text_style=&#8220;white&#8220;]\u00dcber dieses Formular k\u00f6nnen Sie uns Anregungen und Informationen zukommen lassen. Ebenso k\u00f6nnen Sie uns Ihren Wunsch zur Beteiligung an Projekten oder der Stiftungsarbeit sebst mitteilen.[\/gva_box_color][\/vc_column][\/vc_row][vc_row row_space=&#8220;remove_padding&#8220;][vc_column width=&#8220;2\/3&#8243;][\/vc_column][vc_column width=&#8220;1\/3&#8243;][gva_block_heading title=&#8220;Gesch\u00e4ftsstelle&#8220; align=&#8220;align-left&#8220;][\/gva_block_heading][gva_contact_info photo=&#8220;954&#8243; address=&#8220;M\u00fcmlingstra\u00dfe 8, 64732 Bad K\u00f6nig&#8220; email=&#8220;info@badkoenig-stiftung.de&#8220; website=&#8220;www.badkoenig-stiftung.de&#8220;][\/vc_column][\/vc_row][vc_row row_space=&#8220;remove_padding&#8220; isfullwidth=&#8220;0&#8243;][vc_column][vc_gmaps link=&#8220;#E-8_JTNDaWZyYW1lJTIwc3JjJTNEJTIyaHR0cHMlM0ElMkYlMkZ3d3cuZ29vZ2xlLmNvbSUyRm1hcHMlMkZlbWJlZCUzRnBiJTNEJTIxMW0xOCUyMTFtMTIlMjExbTMlMjExZDMzNzA0LjM1NjIxNzY2MTEyJTIxMmQ4Ljk4NzA4NjA3NDkzODg1MSUyMTNkNDkuNzM5MTEzMDc4OTM2Njc1JTIxMm0zJTIxMWYwJTIxMmYwJTIxM2YwJTIxM20yJTIxMWkxMDI0JTIxMmk3NjglMjE0ZjEzLjElMjEzbTMlMjExbTIlMjExczB4NDdiZDU5NWQ1NzViNWEzZiUyNTNBMHg0MjI0MzUwMjliMDlmZjAlMjEyczY0NzMyJTJCQmFkJTJCSyUyNUMzJTI1QjZuaWclMjE1ZTAlMjEzbTIlMjExc2RlJTIxMnNkZSUyMTR2MTU0NDY0NjY5MDAxMSUyMiUyMHdpZHRoJTNEJTIyNjAwJTIyJTIwaGVpZ2h0JTNEJTIyNDUwJTIyJTIwZnJhbWVib3JkZXIlM0QlMjIwJTIyJTIwc3R5bGUlM0QlMjJib3JkZXIlM0EwJTIyJTIwYWxsb3dmdWxsc2NyZWVuJTNFJTNDJTJGaWZyYW1lJTNF&#8220; size=&#8220;450&#8243; css=&#8220;.vc_custom_1544646717329{padding-top: 50px !important;padding-bottom: 50px !important;}&#8220;][\/vc_column][\/vc_row]<\/p>\n","protected":false},"author":1,"featured_media":0,"parent":0,"menu_order":0,"comment_status":"closed","ping_status":"closed","template":"","meta":{"sharing_disabled":false,"spay_email":""},"_links":{"self":[{"href":"https:\/\/www.badkoenig-stiftung.de\/index.php?rest_route=\/wp\/v2\/pages\/610"}],"collection":[{"href":"https:\/\/www.badkoenig-stiftung.de\/index.php?rest_route=\/wp\/v2\/pages"}],"about":[{"href":"https:\/\/www.badkoenig-stiftung.de\/index.php?rest_route=\/wp\/v2\/types\/page"}],"author":[{"embeddable":true,"href":"https:\/\/www.badkoenig-stiftung.de\/index.php?rest_route=\/wp\/v2\/users\/1"}],"replies":[{"embeddable":true,"href":"https:\/\/www.badkoenig-stiftung.de\/index.php?rest_route=%2Fwp%2Fv2%2Fcomments&post=610"}],"version-history":[{"count":14,"href":"https:\/\/www.badkoenig-stiftung.de\/index.php?rest_route=\/wp\/v2\/pages\/610\/revisions"}],"predecessor-version":[{"id":4422,"href":"https:\/\/www.badkoenig-stiftung.de\/index.php?rest_route=\/wp\/v2\/pages\/610\/revisions\/4422"}],"wp:attachment":[{"href":"https:\/\/www.badkoenig-stiftung.de\/index.php?rest_route=%2Fwp%2Fv2%2Fmedia&parent=610"}],"curies":[{"name":"wp","href":"https:\/\/api.w.org\/{rel}","templated":true}]}}